{"id":19,"date":"2026-03-01T17:40:43","date_gmt":"2026-03-01T16:40:43","guid":{"rendered":"https:\/\/arkuszedomaturki.pl\/?page_id=19"},"modified":"2026-03-16T10:47:50","modified_gmt":"2026-03-16T09:47:50","slug":"home","status":"publish","type":"page","link":"https:\/\/arkuszedomaturki.pl\/","title":{"rendered":"Matematyka rozszerzona"},"content":{"rendered":"\n<p class=\"has-text-align-center\">Rozwi\u0105\u017c darmowy arkusz diagnostyczny, a my namierzymy Twoje s\u0142abe strony.<\/p>\n\n\n\n<div class=\"wp-block-group is-layout-constrained wp-block-group-is-layout-constrained\">\n<div class=\"wp-block-stackable-button-group stk-block-button-group stk-block stk-6ede4c7\" data-block-id=\"6ede4c7\"><style>@media screen and (max-width:689px){.stk-6ede4c7 {margin-bottom:11px !important;}}<\/style><div class=\"stk-row stk-inner-blocks has-text-align-space-around stk-block-content stk-button-group\">\n<div class=\"wp-block-stackable-button stk-block-button stk-block stk-086a256\" data-block-id=\"086a256\"><a class=\"stk-link stk-button stk--hover-effect-darken\" href=\"\"><span class=\"stk-button__inner-text\">Rozpocznij matur\u0119 pr\u00f3bn\u0105<\/span><\/a><\/div>\n<\/div><\/div>\n<\/div>\n\n\n\n<div class=\"wp-block-columns is-layout-flex wp-container-core-columns-is-layout-28f84493 wp-block-columns-is-layout-flex\">\n<div class=\"wp-block-column is-layout-flow wp-block-column-is-layout-flow\" style=\"flex-basis:100%\"><\/div>\n<\/div>\n\n\n\n<div class=\"wp-block-stackable-carousel stk-block-carousel stk--is-slide stk--arrows-justify-space-between stk--arrows-align-center stk-block stk-2c8cce6\" data-slides-to-show=\"\" data-block-id=\"2c8cce6\"><div class=\"stk-block-carousel__content-wrapper\"><div class=\"stk-row stk-inner-blocks stk-block-content stk-block-carousel__slider-wrapper stk-content-align stk-2c8cce6-column\"><div class=\"stk-block-carousel__slider\" role=\"list\" data-autoplay=\"4000\" data-label-slide-of=\"Slide %%d of %%d\" tabindex=\"0\">\n<div class=\"wp-block-stackable-column stk-block-column stk-column stk-block stk-7e616c6\" data-v=\"4\" data-block-id=\"7e616c6\"><div class=\"stk-column-wrapper stk-block-column__content stk-container stk-7e616c6-container stk--no-background stk--no-padding\"><div class=\"stk-block-content stk-inner-blocks stk-7e616c6-inner-blocks\">\n<div class=\"wp-block-stackable-image alignwide stk-block-image stk-block stk-90e52f1\" data-block-id=\"90e52f1\"><style>@media screen and (max-width:689px){.stk-90e52f1 .stk-img-wrapper{width:100% !important;height:512px !important;}}<\/style><figure><span class=\"stk-img-wrapper stk-image--shape-stretch\"><img loading=\"lazy\" decoding=\"async\" class=\"stk-img wp-image-11\" src=\"https:\/\/arkuszedomaturki.pl\/wp-content\/uploads\/2026\/03\/7c9b4e7q01rmt0cwn82scwxtzc.png\" width=\"832\" height=\"1184\" srcset=\"https:\/\/arkuszedomaturki.pl\/wp-content\/uploads\/2026\/03\/7c9b4e7q01rmt0cwn82scwxtzc.png 832w, https:\/\/arkuszedomaturki.pl\/wp-content\/uploads\/2026\/03\/7c9b4e7q01rmt0cwn82scwxtzc-600x854.png 600w, https:\/\/arkuszedomaturki.pl\/wp-content\/uploads\/2026\/03\/7c9b4e7q01rmt0cwn82scwxtzc-211x300.png 211w, https:\/\/arkuszedomaturki.pl\/wp-content\/uploads\/2026\/03\/7c9b4e7q01rmt0cwn82scwxtzc-720x1024.png 720w, https:\/\/arkuszedomaturki.pl\/wp-content\/uploads\/2026\/03\/7c9b4e7q01rmt0cwn82scwxtzc-768x1093.png 768w\" sizes=\"auto, (max-width: 832px) 100vw, 832px\" \/><\/span><\/figure><\/div>\n<\/div><\/div><\/div>\n\n\n\n<div class=\"wp-block-stackable-column stk-block-column stk-column stk-block stk-2907d4e\" data-v=\"4\" data-block-id=\"2907d4e\"><div class=\"stk-column-wrapper stk-block-column__content stk-container stk-2907d4e-container stk--no-background stk--no-padding\"><div class=\"stk-block-content stk-inner-blocks stk-2907d4e-inner-blocks\"><\/div><\/div><\/div>\n\n\n\n<div class=\"wp-block-stackable-column stk-block-column stk-column stk-block stk-44747e2\" data-v=\"4\" data-block-id=\"44747e2\"><div class=\"stk-column-wrapper stk-block-column__content stk-container stk-44747e2-container stk--no-background stk--no-padding\"><div class=\"stk-block-content stk-inner-blocks stk-44747e2-inner-blocks\"><\/div><\/div><\/div>\n<\/div><div class=\"stk-block-carousel__buttons\"><button class=\"stk-block-carousel__button stk-block-carousel__button__prev\" aria-label=\"Previous slide\"><svg aria-hidden=\"true\" focusable=\"false\" data-prefix=\"fas\" data-icon=\"chevron-left\" class=\"svg-inline--fa fa-chevron-left\" xmlns=\"http:\/\/www.w3.org\/2000\/svg\" viewBox=\"0 0 320 512\" width=\"32\" height=\"32\"><path d=\"M34.52 239.03L228.87 44.69c9.37-9.37 24.57-9.37 33.94 0l22.67 22.67c9.36 9.36 9.37 24.52.04 33.9L131.49 256l154.02 154.75c9.34 9.38 9.32 24.54-.04 33.9l-22.67 22.67c-9.37 9.37-24.57 9.37-33.94 0L34.52 272.97c-9.37-9.37-9.37-24.57 0-33.94z\"><\/path><\/svg><\/button><button class=\"stk-block-carousel__button stk-block-carousel__button__next\" aria-label=\"Next slide\"><svg aria-hidden=\"true\" focusable=\"false\" data-prefix=\"fas\" data-icon=\"chevron-right\" class=\"svg-inline--fa fa-chevron-right\" xmlns=\"http:\/\/www.w3.org\/2000\/svg\" viewBox=\"0 0 320 512\" width=\"32\" height=\"32\"><path d=\"M285.476 272.971L91.132 467.314c-9.373 9.373-24.569 9.373-33.941 0l-22.667-22.667c-9.357-9.357-9.375-24.522-.04-33.901L188.505 256 34.484 101.255c-9.335-9.379-9.317-24.544.04-33.901l22.667-22.667c9.373-9.373 24.569-9.373 33.941 0L285.475 239.03c9.373 9.372 9.373 24.568.001 33.941z\"><\/path><\/svg><\/button><\/div><\/div><div class=\"stk-block-carousel__dots\" role=\"list\" data-label=\"Slide %%d\"><\/div><\/div><\/div>\n\n\n\n<div class=\"wp-block-stackable-feature stk-block-feature stk-block stk-d523958 is-style-default\" data-v=\"2\" data-block-id=\"d523958\"><style>.stk-d523958 {--stk-feature-flex-wrap:nowrap !important;}<\/style><div class=\"stk-content-align stk-d523958-column stk-container stk-d523958-container stk--no-background stk--no-padding\"><div class=\"stk-inner-blocks stk-block-content stk-row\">\n<div class=\"wp-block-stackable-column stk-block-column stk-column stk-block stk-a0e9e16\" data-v=\"4\" data-block-id=\"a0e9e16\"><style>.stk-a0e9e16 {align-self:center !important;}<\/style><div class=\"stk-column-wrapper stk-block-column__content stk-container stk-a0e9e16-container stk--no-background stk--no-padding\"><div class=\"stk-block-content stk-inner-blocks stk-a0e9e16-inner-blocks\">\n<h2 class=\"wp-block-heading alignfull has-text-align-center\">Do matury pozosta\u0142o:<\/h2>\n\n\n\n<div class=\"wp-block-stackable-countdown stk-block-countdown stk-block stk-f2e488b\" data-stk-countdown-date=\"2026-05-11T09:00\" data-stk-countdown-duration=\"\" data-stk-countdown-restart-interval=\"\" data-stk-countdown-type=\"dueDate\" data-stk-countdown-action=\"\" data-stk-countdown-timezone=\"\" data-stk-countdown-is-double-digit=\"false\" data-v=\"2\" data-block-id=\"f2e488b\"><div class=\"stk-block-countdown__container\"><div class=\"stk-block-countdown__content-container stk-container stk-f2e488b-container stk--no-background stk--no-padding\"><div class=\"stk-block-countdown__container-wrapper\"><div class=\"stk-block-countdown__digit stk-block-countdown__digit-day\"><\/div><p class=\"stk-block-countdown__label-day stk-block-countdown__label\">Dni<\/p><\/div><\/div><div class=\"stk-block-countdown__content-container stk-container stk-f2e488b-container stk--no-background stk--no-padding\"><div class=\"stk-block-countdown__container-wrapper\"><div class=\"stk-block-countdown__digit stk-block-countdown__digit-hour\"><\/div><p class=\"stk-block-countdown__label-hour stk-block-countdown__label\">Godzin<\/p><\/div><\/div><div class=\"stk-block-countdown__content-container stk-container stk-f2e488b-container stk--no-background stk--no-padding\"><div class=\"stk-block-countdown__container-wrapper\"><div class=\"stk-block-countdown__digit stk-block-countdown__digit-minute\"><\/div><p class=\"stk-block-countdown__label-minute stk-block-countdown__label\">Minut<\/p><\/div><\/div><div class=\"stk-block-countdown__content-container stk-container stk-f2e488b-container stk--no-background stk--no-padding\"><div class=\"stk-block-countdown__container-wrapper\"><div class=\"stk-block-countdown__digit stk-block-countdown__digit-second\"><\/div><p class=\"stk-block-countdown__label-second stk-block-countdown__label\">Sekund<\/p><\/div><\/div><\/div><\/div>\n\n\n\n<div class=\"wp-block-stackable-divider alignfull stk-block-divider stk-block stk-958b3e9\" data-block-id=\"958b3e9\"><style>@media screen and (max-width:689px){.stk-958b3e9 {margin-bottom:0px !important;}}<\/style><hr class=\"stk-block-divider__hr\"\/><\/div>\n\n\n\n<div class=\"wp-block-stackable-text stk-block-text stk-block stk-ba5d848\" data-block-id=\"ba5d848\"><p class=\"stk-block-text__text\"><em>Z\u0142o\u017cymy dla Ciebie <strong>spersonalizowan\u0105 paczk\u0119<\/strong> z maturalnych <strong>pewniak\u00f3w<\/strong>, kt\u00f3re wci\u0105\u017c sprawiaj\u0105 Ci trudno\u015b\u0107, aby\u015b osi\u0105gn\u0105\u0142 <strong>wymarzony wynik<\/strong> na czas!<\/em><\/p><\/div>\n\n\n\n<div class=\"wp-block-stackable-columns alignwide stk-block-columns stk-block stk-cbceb9c\" data-block-id=\"cbceb9c\"><div class=\"stk-row stk-inner-blocks stk-block-content stk-content-align stk-cbceb9c-column alignwide\">\n<div class=\"wp-block-stackable-column stk-block-column stk-column stk-block stk-1f4100f\" data-v=\"4\" data-block-id=\"1f4100f\"><div class=\"stk-column-wrapper stk-block-column__content stk-container stk-1f4100f-container stk--no-background stk--no-padding\"><div class=\"stk-block-content stk-inner-blocks stk-1f4100f-inner-blocks\">\n<div class=\"wp-block-columns is-layout-flex wp-container-core-columns-is-layout-28f84493 wp-block-columns-is-layout-flex\">\n<div class=\"wp-block-column is-layout-flow wp-block-column-is-layout-flow\" style=\"flex-basis:100%\">\n<p><\/p>\n<\/div>\n<\/div>\n<\/div><\/div><\/div>\n<\/div><\/div>\n<\/div><\/div><\/div>\n<\/div><\/div><\/div>\n\n\n\n<div class=\"wp-block-stackable-divider stk-block-divider stk-block stk-57c9117\" data-block-id=\"57c9117\"><style>.stk-57c9117 {margin-bottom:50px !important;}<\/style><hr class=\"stk-block-divider__hr\"\/><\/div>\n\n\n\n<iframe src='https:\/\/my.spline.design\/miniroomartcopy-yFnOw8HZ9LoYCuyuVoPew2y6\/' frameborder='0' width='100%' height='100%'><\/iframe>\n\n","protected":false},"excerpt":{"rendered":"<p>Rozwi\u0105\u017c darmowy arkusz diagnostyczny, a my namierzymy Twoje s\u0142abe strony. Rozpocznij matur\u0119 pr\u00f3bn\u0105 Do matury pozosta\u0142o: Dni Godzin Minut Sekund Z\u0142o\u017cymy dla Ciebie spersonalizowan\u0105 paczk\u0119 z maturalnych pewniak\u00f3w, kt\u00f3re wci\u0105\u017c sprawiaj\u0105 Ci trudno\u015b\u0107, aby\u015b osi\u0105gn\u0105\u0142 wymarzony wynik na czas!<\/p>\n","protected":false},"author":1,"featured_media":0,"parent":0,"menu_order":0,"comment_status":"closed","ping_status":"closed","template":"","meta":{"footnotes":""},"class_list":["post-19","page","type-page","status-publish","hentry"],"blocksy_meta":{"page_structure_type":"type-4","styles_descriptor":{"styles":{"desktop":"","tablet":"","mobile":""},"google_fonts":[],"version":6}},"jetpack_sharing_enabled":true,"_links":{"self":[{"href":"https:\/\/arkuszedomaturki.pl\/index.php?rest_route=\/wp\/v2\/pages\/19","targetHints":{"allow":["GET"]}}],"collection":[{"href":"https:\/\/arkuszedomaturki.pl\/index.php?rest_route=\/wp\/v2\/pages"}],"about":[{"href":"https:\/\/arkuszedomaturki.pl\/index.php?rest_route=\/wp\/v2\/types\/page"}],"author":[{"embeddable":true,"href":"https:\/\/arkuszedomaturki.pl\/index.php?rest_route=\/wp\/v2\/users\/1"}],"replies":[{"embeddable":true,"href":"https:\/\/arkuszedomaturki.pl\/index.php?rest_route=%2Fwp%2Fv2%2Fcomments&post=19"}],"version-history":[{"count":24,"href":"https:\/\/arkuszedomaturki.pl\/index.php?rest_route=\/wp\/v2\/pages\/19\/revisions"}],"predecessor-version":[{"id":866,"href":"https:\/\/arkuszedomaturki.pl\/index.php?rest_route=\/wp\/v2\/pages\/19\/revisions\/866"}],"wp:attachment":[{"href":"https:\/\/arkuszedomaturki.pl\/index.php?rest_route=%2Fwp%2Fv2%2Fmedia&parent=19"}],"curies":[{"name":"wp","href":"https:\/\/api.w.org\/{rel}","templated":true}]}}